{"id":8916,"date":"2022-10-15T18:41:08","date_gmt":"2022-10-15T15:41:08","guid":{"rendered":"https:\/\/travelincrete.com\/?page_id=8916"},"modified":"2023-01-25T09:51:27","modified_gmt":"2023-01-25T09:51:27","slug":"was-kann-man-in-kalyves-unternehmen","status":"publish","type":"page","link":"https:\/\/travelincrete.com\/de\/was-kann-man-in-kalyves-unternehmen\/","title":{"rendered":"Was kann man in Kalyves unternehmen?"},"content":{"rendered":"","protected":false},"excerpt":{"rendered":"","protected":false},"author":1,"featured_media":6768,"parent":0,"menu_order":0,"comment_status":"closed","ping_status":"closed","template":"","meta":{"inline_featured_image":false,"footnotes":""},"class_list":["post-8916","page","type-page","status-publish","has-post-thumbnail","hentry"],"yoast_head":"<!-- This site is optimized with the Yoast SEO plugin v27.1.1 - https:\/\/yoast.com\/product\/yoast-seo-wordpress\/ -->\n<title>Unternehmungen in Kalyves - Buchen Sie Aktivit\u00e4ten und Touren<\/title>\n<meta name=\"description\" content=\"Informieren Sie sich \u00fcber die 10 besten Aktivit\u00e4ten in Kalyves, darunter Jeep-Safari, St\u00e4dtereisen, Palast von Knossos, Spinalonga, Segeln, Samaria-Schlucht ....\" \/>\n<meta name=\"robots\" content=\"index, follow, max-snippet:-1, max-image-preview:large, max-video-preview:-1\" \/>\n<link rel=\"canonical\" href=\"https:\/\/travelincrete.com\/de\/was-kann-man-in-kalyves-unternehmen\/\" \/>\n<meta property=\"og:locale\" content=\"de_DE\" \/>\n<meta property=\"og:type\" content=\"article\" \/>\n<meta property=\"og:title\" content=\"Unternehmungen in Kalyves - Buchen Sie Aktivit\u00e4ten und Touren\" \/>\n<meta property=\"og:description\" content=\"Informieren Sie sich \u00fcber die 10 besten Aktivit\u00e4ten in Kalyves, darunter Jeep-Safari, St\u00e4dtereisen, Palast von Knossos, Spinalonga, Segeln, Samaria-Schlucht ....\" \/>\n<meta property=\"og:url\" content=\"https:\/\/travelincrete.com\/de\/was-kann-man-in-kalyves-unternehmen\/\" \/>\n<meta property=\"og:site_name\" content=\"Travel in Crete\" \/>\n<meta property=\"article:publisher\" content=\"https:\/\/www.facebook.com\/travelincretecom\/\" \/>\n<meta property=\"article:modified_time\" content=\"2023-01-25T09:51:27+00:00\" \/>\n<meta property=\"og:image\" content=\"https:\/\/travelincrete.com\/wp-content\/uploads\/2022\/09\/kalyves-travel-in-crete-1800x1500-1.webp\" \/>\n\t<meta property=\"og:image:width\" content=\"1800\" \/>\n\t<meta property=\"og:image:height\" content=\"500\" \/>\n\t<meta property=\"og:image:type\" content=\"image\/webp\" \/>\n<meta name=\"twitter:card\" content=\"summary_large_image\" \/>\n<meta name=\"twitter:site\" content=\"@travelincrete\" \/>\n<script type=\"application\/ld+json\" class=\"yoast-schema-graph\">{\"@context\":\"https:\/\/schema.org\",\"@graph\":[{\"@type\":\"WebPage\",\"@id\":\"https:\/\/travelincrete.com\/de\/was-kann-man-in-kalyves-unternehmen\/\",\"url\":\"https:\/\/travelincrete.com\/de\/was-kann-man-in-kalyves-unternehmen\/\",\"name\":\"Unternehmungen in Kalyves - Buchen Sie Aktivit\u00e4ten und Touren\",\"isPartOf\":{\"@id\":\"https:\/\/travelincrete.com\/de\/#website\"},\"primaryImageOfPage\":{\"@id\":\"https:\/\/travelincrete.com\/de\/was-kann-man-in-kalyves-unternehmen\/#primaryimage\"},\"image\":{\"@id\":\"https:\/\/travelincrete.com\/de\/was-kann-man-in-kalyves-unternehmen\/#primaryimage\"},\"thumbnailUrl\":\"https:\/\/travelincrete.com\/wp-content\/uploads\/2022\/09\/kalyves-travel-in-crete-1800x1500-1.webp\",\"datePublished\":\"2022-10-15T15:41:08+00:00\",\"dateModified\":\"2023-01-25T09:51:27+00:00\",\"description\":\"Informieren Sie sich \u00fcber die 10 besten Aktivit\u00e4ten in Kalyves, darunter Jeep-Safari, St\u00e4dtereisen, Palast von Knossos, Spinalonga, Segeln, Samaria-Schlucht ....\",\"breadcrumb\":{\"@id\":\"https:\/\/travelincrete.com\/de\/was-kann-man-in-kalyves-unternehmen\/#breadcrumb\"},\"inLanguage\":\"de\",\"potentialAction\":[{\"@type\":\"ReadAction\",\"target\":[\"https:\/\/travelincrete.com\/de\/was-kann-man-in-kalyves-unternehmen\/\"]}]},{\"@type\":\"ImageObject\",\"inLanguage\":\"de\",\"@id\":\"https:\/\/travelincrete.com\/de\/was-kann-man-in-kalyves-unternehmen\/#primaryimage\",\"url\":\"https:\/\/travelincrete.com\/wp-content\/uploads\/2022\/09\/kalyves-travel-in-crete-1800x1500-1.webp\",\"contentUrl\":\"https:\/\/travelincrete.com\/wp-content\/uploads\/2022\/09\/kalyves-travel-in-crete-1800x1500-1.webp\",\"width\":1800,\"height\":500},{\"@type\":\"BreadcrumbList\",\"@id\":\"https:\/\/travelincrete.com\/de\/was-kann-man-in-kalyves-unternehmen\/#breadcrumb\",\"itemListElement\":[{\"@type\":\"ListItem\",\"position\":1,\"name\":\"Home\",\"item\":\"https:\/\/travelincrete.com\/de\/travel-in-crete-book-your-tours-online\/\"},{\"@type\":\"ListItem\",\"position\":2,\"name\":\"Was kann man in Kalyves unternehmen?\"}]},{\"@type\":\"WebSite\",\"@id\":\"https:\/\/travelincrete.com\/de\/#website\",\"url\":\"https:\/\/travelincrete.com\/de\/\",\"name\":\"Travel in Crete\",\"description\":\"Book tours and trips\",\"publisher\":{\"@id\":\"https:\/\/travelincrete.com\/de\/#organization\"},\"alternateName\":\"TiC\",\"potentialAction\":[{\"@type\":\"SearchAction\",\"target\":{\"@type\":\"EntryPoint\",\"urlTemplate\":\"https:\/\/travelincrete.com\/de\/?s={search_term_string}\"},\"query-input\":{\"@type\":\"PropertyValueSpecification\",\"valueRequired\":true,\"valueName\":\"search_term_string\"}}],\"inLanguage\":\"de\"},{\"@type\":\"Organization\",\"@id\":\"https:\/\/travelincrete.com\/de\/#organization\",\"name\":\"Travel in Crete\",\"alternateName\":\"TIC\",\"url\":\"https:\/\/travelincrete.com\/de\/\",\"logo\":{\"@type\":\"ImageObject\",\"inLanguage\":\"de\",\"@id\":\"https:\/\/travelincrete.com\/de\/#\/schema\/logo\/image\/\",\"url\":\"https:\/\/travelincrete.com\/wp-content\/uploads\/2022\/09\/travel-in-crete-logo-3-1.png\",\"contentUrl\":\"https:\/\/travelincrete.com\/wp-content\/uploads\/2022\/09\/travel-in-crete-logo-3-1.png\",\"width\":195,\"height\":68,\"caption\":\"Travel in Crete\"},\"image\":{\"@id\":\"https:\/\/travelincrete.com\/de\/#\/schema\/logo\/image\/\"},\"sameAs\":[\"https:\/\/www.facebook.com\/travelincretecom\/\",\"https:\/\/x.com\/travelincrete\",\"https:\/\/instagram.com\/travelincrete.gr\"]}]}<\/script>\n<!-- \/ Yoast SEO plugin. -->","yoast_head_json":{"title":"Unternehmungen in Kalyves - Buchen Sie Aktivit\u00e4ten und Touren","description":"Informieren Sie sich \u00fcber die 10 besten Aktivit\u00e4ten in Kalyves, darunter Jeep-Safari, St\u00e4dtereisen, Palast von Knossos, Spinalonga, Segeln, Samaria-Schlucht ....","robots":{"index":"index","follow":"follow","max-snippet":"max-snippet:-1","max-image-preview":"max-image-preview:large","max-video-preview":"max-video-preview:-1"},"canonical":"https:\/\/travelincrete.com\/de\/was-kann-man-in-kalyves-unternehmen\/","og_locale":"de_DE","og_type":"article","og_title":"Unternehmungen in Kalyves - Buchen Sie Aktivit\u00e4ten und Touren","og_description":"Informieren Sie sich \u00fcber die 10 besten Aktivit\u00e4ten in Kalyves, darunter Jeep-Safari, St\u00e4dtereisen, Palast von Knossos, Spinalonga, Segeln, Samaria-Schlucht ....","og_url":"https:\/\/travelincrete.com\/de\/was-kann-man-in-kalyves-unternehmen\/","og_site_name":"Travel in Crete","article_publisher":"https:\/\/www.facebook.com\/travelincretecom\/","article_modified_time":"2023-01-25T09:51:27+00:00","og_image":[{"width":1800,"height":500,"url":"https:\/\/travelincrete.com\/wp-content\/uploads\/2022\/09\/kalyves-travel-in-crete-1800x1500-1.webp","type":"image\/webp"}],"twitter_card":"summary_large_image","twitter_site":"@travelincrete","schema":{"@context":"https:\/\/schema.org","@graph":[{"@type":"WebPage","@id":"https:\/\/travelincrete.com\/de\/was-kann-man-in-kalyves-unternehmen\/","url":"https:\/\/travelincrete.com\/de\/was-kann-man-in-kalyves-unternehmen\/","name":"Unternehmungen in Kalyves - Buchen Sie Aktivit\u00e4ten und Touren","isPartOf":{"@id":"https:\/\/travelincrete.com\/de\/#website"},"primaryImageOfPage":{"@id":"https:\/\/travelincrete.com\/de\/was-kann-man-in-kalyves-unternehmen\/#primaryimage"},"image":{"@id":"https:\/\/travelincrete.com\/de\/was-kann-man-in-kalyves-unternehmen\/#primaryimage"},"thumbnailUrl":"https:\/\/travelincrete.com\/wp-content\/uploads\/2022\/09\/kalyves-travel-in-crete-1800x1500-1.webp","datePublished":"2022-10-15T15:41:08+00:00","dateModified":"2023-01-25T09:51:27+00:00","description":"Informieren Sie sich \u00fcber die 10 besten Aktivit\u00e4ten in Kalyves, darunter Jeep-Safari, St\u00e4dtereisen, Palast von Knossos, Spinalonga, Segeln, Samaria-Schlucht ....","breadcrumb":{"@id":"https:\/\/travelincrete.com\/de\/was-kann-man-in-kalyves-unternehmen\/#breadcrumb"},"inLanguage":"de","potentialAction":[{"@type":"ReadAction","target":["https:\/\/travelincrete.com\/de\/was-kann-man-in-kalyves-unternehmen\/"]}]},{"@type":"ImageObject","inLanguage":"de","@id":"https:\/\/travelincrete.com\/de\/was-kann-man-in-kalyves-unternehmen\/#primaryimage","url":"https:\/\/travelincrete.com\/wp-content\/uploads\/2022\/09\/kalyves-travel-in-crete-1800x1500-1.webp","contentUrl":"https:\/\/travelincrete.com\/wp-content\/uploads\/2022\/09\/kalyves-travel-in-crete-1800x1500-1.webp","width":1800,"height":500},{"@type":"BreadcrumbList","@id":"https:\/\/travelincrete.com\/de\/was-kann-man-in-kalyves-unternehmen\/#breadcrumb","itemListElement":[{"@type":"ListItem","position":1,"name":"Home","item":"https:\/\/travelincrete.com\/de\/travel-in-crete-book-your-tours-online\/"},{"@type":"ListItem","position":2,"name":"Was kann man in Kalyves unternehmen?"}]},{"@type":"WebSite","@id":"https:\/\/travelincrete.com\/de\/#website","url":"https:\/\/travelincrete.com\/de\/","name":"Travel in Crete","description":"Book tours and trips","publisher":{"@id":"https:\/\/travelincrete.com\/de\/#organization"},"alternateName":"TiC","potentialAction":[{"@type":"SearchAction","target":{"@type":"EntryPoint","urlTemplate":"https:\/\/travelincrete.com\/de\/?s={search_term_string}"},"query-input":{"@type":"PropertyValueSpecification","valueRequired":true,"valueName":"search_term_string"}}],"inLanguage":"de"},{"@type":"Organization","@id":"https:\/\/travelincrete.com\/de\/#organization","name":"Travel in Crete","alternateName":"TIC","url":"https:\/\/travelincrete.com\/de\/","logo":{"@type":"ImageObject","inLanguage":"de","@id":"https:\/\/travelincrete.com\/de\/#\/schema\/logo\/image\/","url":"https:\/\/travelincrete.com\/wp-content\/uploads\/2022\/09\/travel-in-crete-logo-3-1.png","contentUrl":"https:\/\/travelincrete.com\/wp-content\/uploads\/2022\/09\/travel-in-crete-logo-3-1.png","width":195,"height":68,"caption":"Travel in Crete"},"image":{"@id":"https:\/\/travelincrete.com\/de\/#\/schema\/logo\/image\/"},"sameAs":["https:\/\/www.facebook.com\/travelincretecom\/","https:\/\/x.com\/travelincrete","https:\/\/instagram.com\/travelincrete.gr"]}]}},"_links":{"self":[{"href":"https:\/\/travelincrete.com\/de\/wp-json\/wp\/v2\/pages\/8916","targetHints":{"allow":["GET"]}}],"collection":[{"href":"https:\/\/travelincrete.com\/de\/wp-json\/wp\/v2\/pages"}],"about":[{"href":"https:\/\/travelincrete.com\/de\/wp-json\/wp\/v2\/types\/page"}],"author":[{"embeddable":true,"href":"https:\/\/travelincrete.com\/de\/wp-json\/wp\/v2\/users\/1"}],"replies":[{"embeddable":true,"href":"https:\/\/travelincrete.com\/de\/wp-json\/wp\/v2\/comments?post=8916"}],"version-history":[{"count":0,"href":"https:\/\/travelincrete.com\/de\/wp-json\/wp\/v2\/pages\/8916\/revisions"}],"wp:featuredmedia":[{"embeddable":true,"href":"https:\/\/travelincrete.com\/de\/wp-json\/wp\/v2\/media\/6768"}],"wp:attachment":[{"href":"https:\/\/travelincrete.com\/de\/wp-json\/wp\/v2\/media?parent=8916"}],"curies":[{"name":"wp","href":"https:\/\/api.w.org\/{rel}","templated":true}]}}