{"id":10845,"date":"2023-02-06T20:35:32","date_gmt":"2023-02-06T18:35:32","guid":{"rendered":"https:\/\/travelincrete.com\/vins-et-gastronomie\/"},"modified":"2025-04-04T11:53:14","modified_gmt":"2025-04-04T08:53:14","slug":"vins-et-gastronomie","status":"publish","type":"page","link":"https:\/\/travelincrete.com\/fr\/vins-et-gastronomie\/","title":{"rendered":"Vins et gastronomie"},"content":{"rendered":"","protected":false},"excerpt":{"rendered":"","protected":false},"author":1,"featured_media":9593,"parent":0,"menu_order":0,"comment_status":"closed","ping_status":"closed","template":"","meta":{"inline_featured_image":false,"footnotes":""},"class_list":["post-10845","page","type-page","status-publish","has-post-thumbnail","hentry"],"yoast_head":"<!-- This site is optimized with the Yoast SEO plugin v27.1.1 - https:\/\/yoast.com\/product\/yoast-seo-wordpress\/ -->\n<title>Excursions \u0153nologiques et gastronomiques en Cr\u00e8te - R\u00e9servez votre excursion \u0153nologique et gastronomique<\/title>\n<meta name=\"description\" content=\"Trouvez les meilleures offres pour les circuits \u0153nologiques et gastronomiques en Cr\u00e8te. D\u00e9gustation de vins, Meze, Gourmet\" \/>\n<meta name=\"robots\" content=\"index, follow, max-snippet:-1, max-image-preview:large, max-video-preview:-1\" \/>\n<link rel=\"canonical\" href=\"https:\/\/travelincrete.com\/fr\/vins-et-gastronomie\/\" \/>\n<meta property=\"og:locale\" content=\"fr_FR\" \/>\n<meta property=\"og:type\" content=\"article\" \/>\n<meta property=\"og:title\" content=\"Excursions \u0153nologiques et gastronomiques en Cr\u00e8te - R\u00e9servez votre excursion \u0153nologique et gastronomique\" \/>\n<meta property=\"og:description\" content=\"Trouvez les meilleures offres pour les circuits \u0153nologiques et gastronomiques en Cr\u00e8te. D\u00e9gustation de vins, Meze, Gourmet\" \/>\n<meta property=\"og:url\" content=\"https:\/\/travelincrete.com\/fr\/vins-et-gastronomie\/\" \/>\n<meta property=\"og:site_name\" content=\"Travel in Crete\" \/>\n<meta property=\"article:publisher\" content=\"https:\/\/www.facebook.com\/travelincretecom\/\" \/>\n<meta property=\"article:modified_time\" content=\"2025-04-04T08:53:14+00:00\" \/>\n<meta property=\"og:image\" content=\"https:\/\/travelincrete.com\/wp-content\/uploads\/2023\/01\/secrets-of-cretan-olive-oil-wine.webp\" \/>\n\t<meta property=\"og:image:width\" content=\"1920\" \/>\n\t<meta property=\"og:image:height\" content=\"1080\" \/>\n\t<meta property=\"og:image:type\" content=\"image\/webp\" \/>\n<meta name=\"twitter:card\" content=\"summary_large_image\" \/>\n<meta name=\"twitter:site\" content=\"@travelincrete\" \/>\n<script type=\"application\/ld+json\" class=\"yoast-schema-graph\">{\"@context\":\"https:\/\/schema.org\",\"@graph\":[{\"@type\":\"WebPage\",\"@id\":\"https:\/\/travelincrete.com\/fr\/vins-et-gastronomie\/\",\"url\":\"https:\/\/travelincrete.com\/fr\/vins-et-gastronomie\/\",\"name\":\"Excursions \u0153nologiques et gastronomiques en Cr\u00e8te - R\u00e9servez votre excursion \u0153nologique et gastronomique\",\"isPartOf\":{\"@id\":\"https:\/\/travelincrete.com\/fr\/#website\"},\"primaryImageOfPage\":{\"@id\":\"https:\/\/travelincrete.com\/fr\/vins-et-gastronomie\/#primaryimage\"},\"image\":{\"@id\":\"https:\/\/travelincrete.com\/fr\/vins-et-gastronomie\/#primaryimage\"},\"thumbnailUrl\":\"https:\/\/travelincrete.com\/wp-content\/uploads\/2023\/01\/secrets-of-cretan-olive-oil-wine.webp\",\"datePublished\":\"2023-02-06T18:35:32+00:00\",\"dateModified\":\"2025-04-04T08:53:14+00:00\",\"description\":\"Trouvez les meilleures offres pour les circuits \u0153nologiques et gastronomiques en Cr\u00e8te. D\u00e9gustation de vins, Meze, Gourmet\",\"breadcrumb\":{\"@id\":\"https:\/\/travelincrete.com\/fr\/vins-et-gastronomie\/#breadcrumb\"},\"inLanguage\":\"fr-FR\",\"potentialAction\":[{\"@type\":\"ReadAction\",\"target\":[\"https:\/\/travelincrete.com\/fr\/vins-et-gastronomie\/\"]}]},{\"@type\":\"ImageObject\",\"inLanguage\":\"fr-FR\",\"@id\":\"https:\/\/travelincrete.com\/fr\/vins-et-gastronomie\/#primaryimage\",\"url\":\"https:\/\/travelincrete.com\/wp-content\/uploads\/2023\/01\/secrets-of-cretan-olive-oil-wine.webp\",\"contentUrl\":\"https:\/\/travelincrete.com\/wp-content\/uploads\/2023\/01\/secrets-of-cretan-olive-oil-wine.webp\",\"width\":1920,\"height\":1080,\"caption\":\"Wine and food tasting tours\"},{\"@type\":\"BreadcrumbList\",\"@id\":\"https:\/\/travelincrete.com\/fr\/vins-et-gastronomie\/#breadcrumb\",\"itemListElement\":[{\"@type\":\"ListItem\",\"position\":1,\"name\":\"Home\",\"item\":\"https:\/\/travelincrete.com\/fr\/travel-in-crete-book-your-tours-online\/\"},{\"@type\":\"ListItem\",\"position\":2,\"name\":\"Vins et gastronomie\"}]},{\"@type\":\"WebSite\",\"@id\":\"https:\/\/travelincrete.com\/fr\/#website\",\"url\":\"https:\/\/travelincrete.com\/fr\/\",\"name\":\"Travel in Crete\",\"description\":\"Book tours and trips\",\"publisher\":{\"@id\":\"https:\/\/travelincrete.com\/fr\/#organization\"},\"alternateName\":\"TiC\",\"potentialAction\":[{\"@type\":\"SearchAction\",\"target\":{\"@type\":\"EntryPoint\",\"urlTemplate\":\"https:\/\/travelincrete.com\/fr\/?s={search_term_string}\"},\"query-input\":{\"@type\":\"PropertyValueSpecification\",\"valueRequired\":true,\"valueName\":\"search_term_string\"}}],\"inLanguage\":\"fr-FR\"},{\"@type\":\"Organization\",\"@id\":\"https:\/\/travelincrete.com\/fr\/#organization\",\"name\":\"Travel in Crete\",\"alternateName\":\"TIC\",\"url\":\"https:\/\/travelincrete.com\/fr\/\",\"logo\":{\"@type\":\"ImageObject\",\"inLanguage\":\"fr-FR\",\"@id\":\"https:\/\/travelincrete.com\/fr\/#\/schema\/logo\/image\/\",\"url\":\"https:\/\/travelincrete.com\/wp-content\/uploads\/2022\/09\/travel-in-crete-logo-3-1.png\",\"contentUrl\":\"https:\/\/travelincrete.com\/wp-content\/uploads\/2022\/09\/travel-in-crete-logo-3-1.png\",\"width\":195,\"height\":68,\"caption\":\"Travel in Crete\"},\"image\":{\"@id\":\"https:\/\/travelincrete.com\/fr\/#\/schema\/logo\/image\/\"},\"sameAs\":[\"https:\/\/www.facebook.com\/travelincretecom\/\",\"https:\/\/x.com\/travelincrete\",\"https:\/\/instagram.com\/travelincrete.gr\"]}]}<\/script>\n<!-- \/ Yoast SEO plugin. -->","yoast_head_json":{"title":"Excursions \u0153nologiques et gastronomiques en Cr\u00e8te - R\u00e9servez votre excursion \u0153nologique et gastronomique","description":"Trouvez les meilleures offres pour les circuits \u0153nologiques et gastronomiques en Cr\u00e8te. D\u00e9gustation de vins, Meze, Gourmet","robots":{"index":"index","follow":"follow","max-snippet":"max-snippet:-1","max-image-preview":"max-image-preview:large","max-video-preview":"max-video-preview:-1"},"canonical":"https:\/\/travelincrete.com\/fr\/vins-et-gastronomie\/","og_locale":"fr_FR","og_type":"article","og_title":"Excursions \u0153nologiques et gastronomiques en Cr\u00e8te - R\u00e9servez votre excursion \u0153nologique et gastronomique","og_description":"Trouvez les meilleures offres pour les circuits \u0153nologiques et gastronomiques en Cr\u00e8te. D\u00e9gustation de vins, Meze, Gourmet","og_url":"https:\/\/travelincrete.com\/fr\/vins-et-gastronomie\/","og_site_name":"Travel in Crete","article_publisher":"https:\/\/www.facebook.com\/travelincretecom\/","article_modified_time":"2025-04-04T08:53:14+00:00","og_image":[{"width":1920,"height":1080,"url":"https:\/\/travelincrete.com\/wp-content\/uploads\/2023\/01\/secrets-of-cretan-olive-oil-wine.webp","type":"image\/webp"}],"twitter_card":"summary_large_image","twitter_site":"@travelincrete","schema":{"@context":"https:\/\/schema.org","@graph":[{"@type":"WebPage","@id":"https:\/\/travelincrete.com\/fr\/vins-et-gastronomie\/","url":"https:\/\/travelincrete.com\/fr\/vins-et-gastronomie\/","name":"Excursions \u0153nologiques et gastronomiques en Cr\u00e8te - R\u00e9servez votre excursion \u0153nologique et gastronomique","isPartOf":{"@id":"https:\/\/travelincrete.com\/fr\/#website"},"primaryImageOfPage":{"@id":"https:\/\/travelincrete.com\/fr\/vins-et-gastronomie\/#primaryimage"},"image":{"@id":"https:\/\/travelincrete.com\/fr\/vins-et-gastronomie\/#primaryimage"},"thumbnailUrl":"https:\/\/travelincrete.com\/wp-content\/uploads\/2023\/01\/secrets-of-cretan-olive-oil-wine.webp","datePublished":"2023-02-06T18:35:32+00:00","dateModified":"2025-04-04T08:53:14+00:00","description":"Trouvez les meilleures offres pour les circuits \u0153nologiques et gastronomiques en Cr\u00e8te. D\u00e9gustation de vins, Meze, Gourmet","breadcrumb":{"@id":"https:\/\/travelincrete.com\/fr\/vins-et-gastronomie\/#breadcrumb"},"inLanguage":"fr-FR","potentialAction":[{"@type":"ReadAction","target":["https:\/\/travelincrete.com\/fr\/vins-et-gastronomie\/"]}]},{"@type":"ImageObject","inLanguage":"fr-FR","@id":"https:\/\/travelincrete.com\/fr\/vins-et-gastronomie\/#primaryimage","url":"https:\/\/travelincrete.com\/wp-content\/uploads\/2023\/01\/secrets-of-cretan-olive-oil-wine.webp","contentUrl":"https:\/\/travelincrete.com\/wp-content\/uploads\/2023\/01\/secrets-of-cretan-olive-oil-wine.webp","width":1920,"height":1080,"caption":"Wine and food tasting tours"},{"@type":"BreadcrumbList","@id":"https:\/\/travelincrete.com\/fr\/vins-et-gastronomie\/#breadcrumb","itemListElement":[{"@type":"ListItem","position":1,"name":"Home","item":"https:\/\/travelincrete.com\/fr\/travel-in-crete-book-your-tours-online\/"},{"@type":"ListItem","position":2,"name":"Vins et gastronomie"}]},{"@type":"WebSite","@id":"https:\/\/travelincrete.com\/fr\/#website","url":"https:\/\/travelincrete.com\/fr\/","name":"Travel in Crete","description":"Book tours and trips","publisher":{"@id":"https:\/\/travelincrete.com\/fr\/#organization"},"alternateName":"TiC","potentialAction":[{"@type":"SearchAction","target":{"@type":"EntryPoint","urlTemplate":"https:\/\/travelincrete.com\/fr\/?s={search_term_string}"},"query-input":{"@type":"PropertyValueSpecification","valueRequired":true,"valueName":"search_term_string"}}],"inLanguage":"fr-FR"},{"@type":"Organization","@id":"https:\/\/travelincrete.com\/fr\/#organization","name":"Travel in Crete","alternateName":"TIC","url":"https:\/\/travelincrete.com\/fr\/","logo":{"@type":"ImageObject","inLanguage":"fr-FR","@id":"https:\/\/travelincrete.com\/fr\/#\/schema\/logo\/image\/","url":"https:\/\/travelincrete.com\/wp-content\/uploads\/2022\/09\/travel-in-crete-logo-3-1.png","contentUrl":"https:\/\/travelincrete.com\/wp-content\/uploads\/2022\/09\/travel-in-crete-logo-3-1.png","width":195,"height":68,"caption":"Travel in Crete"},"image":{"@id":"https:\/\/travelincrete.com\/fr\/#\/schema\/logo\/image\/"},"sameAs":["https:\/\/www.facebook.com\/travelincretecom\/","https:\/\/x.com\/travelincrete","https:\/\/instagram.com\/travelincrete.gr"]}]}},"_links":{"self":[{"href":"https:\/\/travelincrete.com\/fr\/wp-json\/wp\/v2\/pages\/10845","targetHints":{"allow":["GET"]}}],"collection":[{"href":"https:\/\/travelincrete.com\/fr\/wp-json\/wp\/v2\/pages"}],"about":[{"href":"https:\/\/travelincrete.com\/fr\/wp-json\/wp\/v2\/types\/page"}],"author":[{"embeddable":true,"href":"https:\/\/travelincrete.com\/fr\/wp-json\/wp\/v2\/users\/1"}],"replies":[{"embeddable":true,"href":"https:\/\/travelincrete.com\/fr\/wp-json\/wp\/v2\/comments?post=10845"}],"version-history":[{"count":0,"href":"https:\/\/travelincrete.com\/fr\/wp-json\/wp\/v2\/pages\/10845\/revisions"}],"wp:featuredmedia":[{"embeddable":true,"href":"https:\/\/travelincrete.com\/fr\/wp-json\/wp\/v2\/media\/9593"}],"wp:attachment":[{"href":"https:\/\/travelincrete.com\/fr\/wp-json\/wp\/v2\/media?parent=10845"}],"curies":[{"name":"wp","href":"https:\/\/api.w.org\/{rel}","templated":true}]}}