{"id":8420,"date":"2022-10-17T19:36:33","date_gmt":"2022-10-17T19:36:33","guid":{"rendered":"https:\/\/travelincrete.com\/private-tours\/"},"modified":"2025-04-04T11:42:23","modified_gmt":"2025-04-04T08:42:23","slug":"private-tours","status":"publish","type":"page","link":"https:\/\/travelincrete.com\/nl\/private-tours\/","title":{"rendered":"Prive tours"},"content":{"rendered":"","protected":false},"excerpt":{"rendered":"","protected":false},"author":1,"featured_media":6634,"parent":0,"menu_order":0,"comment_status":"closed","ping_status":"closed","template":"","meta":{"inline_featured_image":false,"footnotes":""},"class_list":["post-8420","page","type-page","status-publish","has-post-thumbnail","hentry"],"yoast_head":"<!-- This site is optimized with the Yoast SEO plugin v27.1.1 - https:\/\/yoast.com\/product\/yoast-seo-wordpress\/ -->\n<title>Priv\u00e9rondleidingen op Kreta - Boek uw priv\u00e9tour<\/title>\n<meta name=\"description\" content=\"Vind de beste deals voor priv\u00e9tours op Kreta, waaronder zeilen, Land Rover Safari, Knossos, Spinalonga, wijnproeverijen, boottochten\" \/>\n<meta name=\"robots\" content=\"index, follow, max-snippet:-1, max-image-preview:large, max-video-preview:-1\" \/>\n<link rel=\"canonical\" href=\"https:\/\/travelincrete.com\/nl\/private-tours\/\" \/>\n<meta property=\"og:locale\" content=\"nl_NL\" \/>\n<meta property=\"og:type\" content=\"article\" \/>\n<meta property=\"og:title\" content=\"Priv\u00e9rondleidingen op Kreta - Boek uw priv\u00e9tour\" \/>\n<meta property=\"og:description\" content=\"Vind de beste deals voor priv\u00e9tours op Kreta, waaronder zeilen, Land Rover Safari, Knossos, Spinalonga, wijnproeverijen, boottochten\" \/>\n<meta property=\"og:url\" content=\"https:\/\/travelincrete.com\/nl\/private-tours\/\" \/>\n<meta property=\"og:site_name\" content=\"Travel in Crete\" \/>\n<meta property=\"article:publisher\" content=\"https:\/\/www.facebook.com\/travelincretecom\/\" \/>\n<meta property=\"article:modified_time\" content=\"2025-04-04T08:42:23+00:00\" \/>\n<meta property=\"og:image\" content=\"https:\/\/travelincrete.com\/wp-content\/uploads\/2022\/09\/private-tours-travel-in-crete-1800x500-1.webp\" \/>\n\t<meta property=\"og:image:width\" content=\"1800\" \/>\n\t<meta property=\"og:image:height\" content=\"500\" \/>\n\t<meta property=\"og:image:type\" content=\"image\/webp\" \/>\n<meta name=\"twitter:card\" content=\"summary_large_image\" \/>\n<meta name=\"twitter:site\" content=\"@travelincrete\" \/>\n<script type=\"application\/ld+json\" class=\"yoast-schema-graph\">{\"@context\":\"https:\/\/schema.org\",\"@graph\":[{\"@type\":\"WebPage\",\"@id\":\"https:\/\/travelincrete.com\/nl\/private-tours\/\",\"url\":\"https:\/\/travelincrete.com\/nl\/private-tours\/\",\"name\":\"Priv\u00e9rondleidingen op Kreta - Boek uw priv\u00e9tour\",\"isPartOf\":{\"@id\":\"https:\/\/travelincrete.com\/nl\/#website\"},\"primaryImageOfPage\":{\"@id\":\"https:\/\/travelincrete.com\/nl\/private-tours\/#primaryimage\"},\"image\":{\"@id\":\"https:\/\/travelincrete.com\/nl\/private-tours\/#primaryimage\"},\"thumbnailUrl\":\"https:\/\/travelincrete.com\/wp-content\/uploads\/2022\/09\/private-tours-travel-in-crete-1800x500-1.webp\",\"datePublished\":\"2022-10-17T19:36:33+00:00\",\"dateModified\":\"2025-04-04T08:42:23+00:00\",\"description\":\"Vind de beste deals voor priv\u00e9tours op Kreta, waaronder zeilen, Land Rover Safari, Knossos, Spinalonga, wijnproeverijen, boottochten\",\"breadcrumb\":{\"@id\":\"https:\/\/travelincrete.com\/nl\/private-tours\/#breadcrumb\"},\"inLanguage\":\"nl-NL\",\"potentialAction\":[{\"@type\":\"ReadAction\",\"target\":[\"https:\/\/travelincrete.com\/nl\/private-tours\/\"]}]},{\"@type\":\"ImageObject\",\"inLanguage\":\"nl-NL\",\"@id\":\"https:\/\/travelincrete.com\/nl\/private-tours\/#primaryimage\",\"url\":\"https:\/\/travelincrete.com\/wp-content\/uploads\/2022\/09\/private-tours-travel-in-crete-1800x500-1.webp\",\"contentUrl\":\"https:\/\/travelincrete.com\/wp-content\/uploads\/2022\/09\/private-tours-travel-in-crete-1800x500-1.webp\",\"width\":1800,\"height\":500},{\"@type\":\"BreadcrumbList\",\"@id\":\"https:\/\/travelincrete.com\/nl\/private-tours\/#breadcrumb\",\"itemListElement\":[{\"@type\":\"ListItem\",\"position\":1,\"name\":\"Home\",\"item\":\"https:\/\/travelincrete.com\/nl\/homepage\/\"},{\"@type\":\"ListItem\",\"position\":2,\"name\":\"Prive tours\"}]},{\"@type\":\"WebSite\",\"@id\":\"https:\/\/travelincrete.com\/nl\/#website\",\"url\":\"https:\/\/travelincrete.com\/nl\/\",\"name\":\"Travel in Crete\",\"description\":\"Book tours and trips\",\"publisher\":{\"@id\":\"https:\/\/travelincrete.com\/nl\/#organization\"},\"alternateName\":\"TiC\",\"potentialAction\":[{\"@type\":\"SearchAction\",\"target\":{\"@type\":\"EntryPoint\",\"urlTemplate\":\"https:\/\/travelincrete.com\/nl\/?s={search_term_string}\"},\"query-input\":{\"@type\":\"PropertyValueSpecification\",\"valueRequired\":true,\"valueName\":\"search_term_string\"}}],\"inLanguage\":\"nl-NL\"},{\"@type\":\"Organization\",\"@id\":\"https:\/\/travelincrete.com\/nl\/#organization\",\"name\":\"Travel in Crete\",\"alternateName\":\"TIC\",\"url\":\"https:\/\/travelincrete.com\/nl\/\",\"logo\":{\"@type\":\"ImageObject\",\"inLanguage\":\"nl-NL\",\"@id\":\"https:\/\/travelincrete.com\/nl\/#\/schema\/logo\/image\/\",\"url\":\"https:\/\/travelincrete.com\/wp-content\/uploads\/2022\/09\/travel-in-crete-logo-3-1.png\",\"contentUrl\":\"https:\/\/travelincrete.com\/wp-content\/uploads\/2022\/09\/travel-in-crete-logo-3-1.png\",\"width\":195,\"height\":68,\"caption\":\"Travel in Crete\"},\"image\":{\"@id\":\"https:\/\/travelincrete.com\/nl\/#\/schema\/logo\/image\/\"},\"sameAs\":[\"https:\/\/www.facebook.com\/travelincretecom\/\",\"https:\/\/x.com\/travelincrete\",\"https:\/\/instagram.com\/travelincrete.gr\"]}]}<\/script>\n<!-- \/ Yoast SEO plugin. -->","yoast_head_json":{"title":"Priv\u00e9rondleidingen op Kreta - Boek uw priv\u00e9tour","description":"Vind de beste deals voor priv\u00e9tours op Kreta, waaronder zeilen, Land Rover Safari, Knossos, Spinalonga, wijnproeverijen, boottochten","robots":{"index":"index","follow":"follow","max-snippet":"max-snippet:-1","max-image-preview":"max-image-preview:large","max-video-preview":"max-video-preview:-1"},"canonical":"https:\/\/travelincrete.com\/nl\/private-tours\/","og_locale":"nl_NL","og_type":"article","og_title":"Priv\u00e9rondleidingen op Kreta - Boek uw priv\u00e9tour","og_description":"Vind de beste deals voor priv\u00e9tours op Kreta, waaronder zeilen, Land Rover Safari, Knossos, Spinalonga, wijnproeverijen, boottochten","og_url":"https:\/\/travelincrete.com\/nl\/private-tours\/","og_site_name":"Travel in Crete","article_publisher":"https:\/\/www.facebook.com\/travelincretecom\/","article_modified_time":"2025-04-04T08:42:23+00:00","og_image":[{"width":1800,"height":500,"url":"https:\/\/travelincrete.com\/wp-content\/uploads\/2022\/09\/private-tours-travel-in-crete-1800x500-1.webp","type":"image\/webp"}],"twitter_card":"summary_large_image","twitter_site":"@travelincrete","schema":{"@context":"https:\/\/schema.org","@graph":[{"@type":"WebPage","@id":"https:\/\/travelincrete.com\/nl\/private-tours\/","url":"https:\/\/travelincrete.com\/nl\/private-tours\/","name":"Priv\u00e9rondleidingen op Kreta - Boek uw priv\u00e9tour","isPartOf":{"@id":"https:\/\/travelincrete.com\/nl\/#website"},"primaryImageOfPage":{"@id":"https:\/\/travelincrete.com\/nl\/private-tours\/#primaryimage"},"image":{"@id":"https:\/\/travelincrete.com\/nl\/private-tours\/#primaryimage"},"thumbnailUrl":"https:\/\/travelincrete.com\/wp-content\/uploads\/2022\/09\/private-tours-travel-in-crete-1800x500-1.webp","datePublished":"2022-10-17T19:36:33+00:00","dateModified":"2025-04-04T08:42:23+00:00","description":"Vind de beste deals voor priv\u00e9tours op Kreta, waaronder zeilen, Land Rover Safari, Knossos, Spinalonga, wijnproeverijen, boottochten","breadcrumb":{"@id":"https:\/\/travelincrete.com\/nl\/private-tours\/#breadcrumb"},"inLanguage":"nl-NL","potentialAction":[{"@type":"ReadAction","target":["https:\/\/travelincrete.com\/nl\/private-tours\/"]}]},{"@type":"ImageObject","inLanguage":"nl-NL","@id":"https:\/\/travelincrete.com\/nl\/private-tours\/#primaryimage","url":"https:\/\/travelincrete.com\/wp-content\/uploads\/2022\/09\/private-tours-travel-in-crete-1800x500-1.webp","contentUrl":"https:\/\/travelincrete.com\/wp-content\/uploads\/2022\/09\/private-tours-travel-in-crete-1800x500-1.webp","width":1800,"height":500},{"@type":"BreadcrumbList","@id":"https:\/\/travelincrete.com\/nl\/private-tours\/#breadcrumb","itemListElement":[{"@type":"ListItem","position":1,"name":"Home","item":"https:\/\/travelincrete.com\/nl\/homepage\/"},{"@type":"ListItem","position":2,"name":"Prive tours"}]},{"@type":"WebSite","@id":"https:\/\/travelincrete.com\/nl\/#website","url":"https:\/\/travelincrete.com\/nl\/","name":"Travel in Crete","description":"Book tours and trips","publisher":{"@id":"https:\/\/travelincrete.com\/nl\/#organization"},"alternateName":"TiC","potentialAction":[{"@type":"SearchAction","target":{"@type":"EntryPoint","urlTemplate":"https:\/\/travelincrete.com\/nl\/?s={search_term_string}"},"query-input":{"@type":"PropertyValueSpecification","valueRequired":true,"valueName":"search_term_string"}}],"inLanguage":"nl-NL"},{"@type":"Organization","@id":"https:\/\/travelincrete.com\/nl\/#organization","name":"Travel in Crete","alternateName":"TIC","url":"https:\/\/travelincrete.com\/nl\/","logo":{"@type":"ImageObject","inLanguage":"nl-NL","@id":"https:\/\/travelincrete.com\/nl\/#\/schema\/logo\/image\/","url":"https:\/\/travelincrete.com\/wp-content\/uploads\/2022\/09\/travel-in-crete-logo-3-1.png","contentUrl":"https:\/\/travelincrete.com\/wp-content\/uploads\/2022\/09\/travel-in-crete-logo-3-1.png","width":195,"height":68,"caption":"Travel in Crete"},"image":{"@id":"https:\/\/travelincrete.com\/nl\/#\/schema\/logo\/image\/"},"sameAs":["https:\/\/www.facebook.com\/travelincretecom\/","https:\/\/x.com\/travelincrete","https:\/\/instagram.com\/travelincrete.gr"]}]}},"_links":{"self":[{"href":"https:\/\/travelincrete.com\/nl\/wp-json\/wp\/v2\/pages\/8420","targetHints":{"allow":["GET"]}}],"collection":[{"href":"https:\/\/travelincrete.com\/nl\/wp-json\/wp\/v2\/pages"}],"about":[{"href":"https:\/\/travelincrete.com\/nl\/wp-json\/wp\/v2\/types\/page"}],"author":[{"embeddable":true,"href":"https:\/\/travelincrete.com\/nl\/wp-json\/wp\/v2\/users\/1"}],"replies":[{"embeddable":true,"href":"https:\/\/travelincrete.com\/nl\/wp-json\/wp\/v2\/comments?post=8420"}],"version-history":[{"count":0,"href":"https:\/\/travelincrete.com\/nl\/wp-json\/wp\/v2\/pages\/8420\/revisions"}],"wp:featuredmedia":[{"embeddable":true,"href":"https:\/\/travelincrete.com\/nl\/wp-json\/wp\/v2\/media\/6634"}],"wp:attachment":[{"href":"https:\/\/travelincrete.com\/nl\/wp-json\/wp\/v2\/media?parent=8420"}],"curies":[{"name":"wp","href":"https:\/\/api.w.org\/{rel}","templated":true}]}}