{"id":45829,"date":"2019-03-26T09:09:23","date_gmt":"2019-03-26T07:09:23","guid":{"rendered":"https:\/\/travelincrete.com\/travel-in-crete-book-your-tours-online\/"},"modified":"2025-03-20T11:04:28","modified_gmt":"2025-03-20T09:04:28","slug":"travel-in-crete-book-your-tours-online","status":"publish","type":"page","link":"https:\/\/travelincrete.com\/pl\/","title":{"rendered":"Wycieczki, wycieczki, wycieczki"},"content":{"rendered":"","protected":false},"excerpt":{"rendered":"","protected":false},"author":1,"featured_media":45831,"parent":0,"menu_order":0,"comment_status":"closed","ping_status":"closed","template":"","meta":{"inline_featured_image":false,"footnotes":""},"class_list":["post-45829","page","type-page","status-publish","has-post-thumbnail","hentry"],"yoast_head":"<!-- This site is optimized with the Yoast SEO plugin v27.1.1 - https:\/\/yoast.com\/product\/yoast-seo-wordpress\/ -->\n<title>WYCIECZKI w CRETE - Zarezerwuj wycieczki online na lato 2025<\/title>\n<meta name=\"description\" content=\"Wycieczki, wycieczki i zaj\u0119cia na Krecie. Wybrali\u015bmy dla Ciebie najlepsze wycieczki. Dost\u0119pna zni\u017cka grupowa. Spinalonga, Knossos, Santorini\" \/>\n<meta name=\"robots\" content=\"index, follow, max-snippet:-1, max-image-preview:large, max-video-preview:-1\" \/>\n<link rel=\"canonical\" href=\"https:\/\/travelincrete.com\/pl\/\" \/>\n<meta property=\"og:locale\" content=\"pl_PL\" \/>\n<meta property=\"og:type\" content=\"article\" \/>\n<meta property=\"og:title\" content=\"WYCIECZKI w CRETE - Zarezerwuj wycieczki online na lato 2025\" \/>\n<meta property=\"og:description\" content=\"Wycieczki, wycieczki i zaj\u0119cia na Krecie. Wybrali\u015bmy dla Ciebie najlepsze wycieczki. Dost\u0119pna zni\u017cka grupowa. Spinalonga, Knossos, Santorini\" \/>\n<meta property=\"og:url\" content=\"https:\/\/travelincrete.com\/pl\/\" \/>\n<meta property=\"og:site_name\" content=\"Travel in Crete\" \/>\n<meta property=\"article:publisher\" content=\"https:\/\/www.facebook.com\/travelincretecom\/\" \/>\n<meta property=\"article:modified_time\" content=\"2025-03-20T09:04:28+00:00\" \/>\n<meta property=\"og:image\" content=\"https:\/\/travelincrete.com\/wp-content\/uploads\/2022\/09\/travelincrete-header.webp\" \/>\n\t<meta property=\"og:image:width\" content=\"1920\" \/>\n\t<meta property=\"og:image:height\" content=\"1080\" \/>\n\t<meta property=\"og:image:type\" content=\"image\/webp\" \/>\n<meta name=\"twitter:card\" content=\"summary_large_image\" \/>\n<meta name=\"twitter:title\" content=\"Wycieczki, wycieczki, wycieczki - Book tours and trips\" \/>\n<meta name=\"twitter:site\" content=\"@travelincrete\" \/>\n<meta name=\"twitter:label1\" content=\"Szacowany czas czytania\" \/>\n\t<meta name=\"twitter:data1\" content=\"7 minut\" \/>\n<script type=\"application\/ld+json\" class=\"yoast-schema-graph\">{\"@context\":\"https:\/\/schema.org\",\"@graph\":[{\"@type\":\"WebPage\",\"@id\":\"https:\/\/travelincrete.com\/pl\/\",\"url\":\"https:\/\/travelincrete.com\/pl\/\",\"name\":\"WYCIECZKI w CRETE - Zarezerwuj wycieczki online na lato 2025\",\"isPartOf\":{\"@id\":\"https:\/\/travelincrete.com\/pl\/#website\"},\"primaryImageOfPage\":{\"@id\":\"https:\/\/travelincrete.com\/pl\/#primaryimage\"},\"image\":{\"@id\":\"https:\/\/travelincrete.com\/pl\/#primaryimage\"},\"thumbnailUrl\":\"https:\/\/travelincrete.com\/wp-content\/uploads\/2025\/03\/travelincrete-header-tic.avif\",\"datePublished\":\"2019-03-26T07:09:23+00:00\",\"dateModified\":\"2025-03-20T09:04:28+00:00\",\"description\":\"Wycieczki, wycieczki i zaj\u0119cia na Krecie. Wybrali\u015bmy dla Ciebie najlepsze wycieczki. Dost\u0119pna zni\u017cka grupowa. Spinalonga, Knossos, Santorini\",\"breadcrumb\":{\"@id\":\"https:\/\/travelincrete.com\/pl\/#breadcrumb\"},\"inLanguage\":\"pl-PL\",\"potentialAction\":[{\"@type\":\"ReadAction\",\"target\":[\"https:\/\/travelincrete.com\/pl\/\"]}]},{\"@type\":\"ImageObject\",\"inLanguage\":\"pl-PL\",\"@id\":\"https:\/\/travelincrete.com\/pl\/#primaryimage\",\"url\":\"https:\/\/travelincrete.com\/wp-content\/uploads\/2025\/03\/travelincrete-header-tic.avif\",\"contentUrl\":\"https:\/\/travelincrete.com\/wp-content\/uploads\/2025\/03\/travelincrete-header-tic.avif\",\"width\":1024,\"height\":576},{\"@type\":\"BreadcrumbList\",\"@id\":\"https:\/\/travelincrete.com\/pl\/#breadcrumb\",\"itemListElement\":[{\"@type\":\"ListItem\",\"position\":1,\"name\":\"Home\",\"item\":\"https:\/\/travelincrete.com\/pl\/\"},{\"@type\":\"ListItem\",\"position\":2,\"name\":\"Wycieczki, wycieczki, wycieczki\"}]},{\"@type\":\"WebSite\",\"@id\":\"https:\/\/travelincrete.com\/pl\/#website\",\"url\":\"https:\/\/travelincrete.com\/pl\/\",\"name\":\"Travel in Crete\",\"description\":\"Book tours and trips\",\"publisher\":{\"@id\":\"https:\/\/travelincrete.com\/pl\/#organization\"},\"alternateName\":\"TiC\",\"potentialAction\":[{\"@type\":\"SearchAction\",\"target\":{\"@type\":\"EntryPoint\",\"urlTemplate\":\"https:\/\/travelincrete.com\/pl\/?s={search_term_string}\"},\"query-input\":{\"@type\":\"PropertyValueSpecification\",\"valueRequired\":true,\"valueName\":\"search_term_string\"}}],\"inLanguage\":\"pl-PL\"},{\"@type\":\"Organization\",\"@id\":\"https:\/\/travelincrete.com\/pl\/#organization\",\"name\":\"Travel in Crete\",\"alternateName\":\"TIC\",\"url\":\"https:\/\/travelincrete.com\/pl\/\",\"logo\":{\"@type\":\"ImageObject\",\"inLanguage\":\"pl-PL\",\"@id\":\"https:\/\/travelincrete.com\/pl\/#\/schema\/logo\/image\/\",\"url\":\"https:\/\/travelincrete.com\/wp-content\/uploads\/2022\/09\/travel-in-crete-logo-3-1.png\",\"contentUrl\":\"https:\/\/travelincrete.com\/wp-content\/uploads\/2022\/09\/travel-in-crete-logo-3-1.png\",\"width\":195,\"height\":68,\"caption\":\"Travel in Crete\"},\"image\":{\"@id\":\"https:\/\/travelincrete.com\/pl\/#\/schema\/logo\/image\/\"},\"sameAs\":[\"https:\/\/www.facebook.com\/travelincretecom\/\",\"https:\/\/x.com\/travelincrete\",\"https:\/\/instagram.com\/travelincrete.gr\"]}]}<\/script>\n<!-- \/ Yoast SEO plugin. -->","yoast_head_json":{"title":"WYCIECZKI w CRETE - Zarezerwuj wycieczki online na lato 2025","description":"Wycieczki, wycieczki i zaj\u0119cia na Krecie. Wybrali\u015bmy dla Ciebie najlepsze wycieczki. Dost\u0119pna zni\u017cka grupowa. Spinalonga, Knossos, Santorini","robots":{"index":"index","follow":"follow","max-snippet":"max-snippet:-1","max-image-preview":"max-image-preview:large","max-video-preview":"max-video-preview:-1"},"canonical":"https:\/\/travelincrete.com\/pl\/","og_locale":"pl_PL","og_type":"article","og_title":"WYCIECZKI w CRETE - Zarezerwuj wycieczki online na lato 2025","og_description":"Wycieczki, wycieczki i zaj\u0119cia na Krecie. Wybrali\u015bmy dla Ciebie najlepsze wycieczki. Dost\u0119pna zni\u017cka grupowa. Spinalonga, Knossos, Santorini","og_url":"https:\/\/travelincrete.com\/pl\/","og_site_name":"Travel in Crete","article_publisher":"https:\/\/www.facebook.com\/travelincretecom\/","article_modified_time":"2025-03-20T09:04:28+00:00","og_image":[{"width":1920,"height":1080,"url":"https:\/\/travelincrete.com\/wp-content\/uploads\/2022\/09\/travelincrete-header.webp","type":"image\/webp"}],"twitter_card":"summary_large_image","twitter_title":"Wycieczki, wycieczki, wycieczki - Book tours and trips","twitter_site":"@travelincrete","twitter_misc":{"Szacowany czas czytania":"7 minut"},"schema":{"@context":"https:\/\/schema.org","@graph":[{"@type":"WebPage","@id":"https:\/\/travelincrete.com\/pl\/","url":"https:\/\/travelincrete.com\/pl\/","name":"WYCIECZKI w CRETE - Zarezerwuj wycieczki online na lato 2025","isPartOf":{"@id":"https:\/\/travelincrete.com\/pl\/#website"},"primaryImageOfPage":{"@id":"https:\/\/travelincrete.com\/pl\/#primaryimage"},"image":{"@id":"https:\/\/travelincrete.com\/pl\/#primaryimage"},"thumbnailUrl":"https:\/\/travelincrete.com\/wp-content\/uploads\/2025\/03\/travelincrete-header-tic.avif","datePublished":"2019-03-26T07:09:23+00:00","dateModified":"2025-03-20T09:04:28+00:00","description":"Wycieczki, wycieczki i zaj\u0119cia na Krecie. Wybrali\u015bmy dla Ciebie najlepsze wycieczki. Dost\u0119pna zni\u017cka grupowa. Spinalonga, Knossos, Santorini","breadcrumb":{"@id":"https:\/\/travelincrete.com\/pl\/#breadcrumb"},"inLanguage":"pl-PL","potentialAction":[{"@type":"ReadAction","target":["https:\/\/travelincrete.com\/pl\/"]}]},{"@type":"ImageObject","inLanguage":"pl-PL","@id":"https:\/\/travelincrete.com\/pl\/#primaryimage","url":"https:\/\/travelincrete.com\/wp-content\/uploads\/2025\/03\/travelincrete-header-tic.avif","contentUrl":"https:\/\/travelincrete.com\/wp-content\/uploads\/2025\/03\/travelincrete-header-tic.avif","width":1024,"height":576},{"@type":"BreadcrumbList","@id":"https:\/\/travelincrete.com\/pl\/#breadcrumb","itemListElement":[{"@type":"ListItem","position":1,"name":"Home","item":"https:\/\/travelincrete.com\/pl\/"},{"@type":"ListItem","position":2,"name":"Wycieczki, wycieczki, wycieczki"}]},{"@type":"WebSite","@id":"https:\/\/travelincrete.com\/pl\/#website","url":"https:\/\/travelincrete.com\/pl\/","name":"Travel in Crete","description":"Book tours and trips","publisher":{"@id":"https:\/\/travelincrete.com\/pl\/#organization"},"alternateName":"TiC","potentialAction":[{"@type":"SearchAction","target":{"@type":"EntryPoint","urlTemplate":"https:\/\/travelincrete.com\/pl\/?s={search_term_string}"},"query-input":{"@type":"PropertyValueSpecification","valueRequired":true,"valueName":"search_term_string"}}],"inLanguage":"pl-PL"},{"@type":"Organization","@id":"https:\/\/travelincrete.com\/pl\/#organization","name":"Travel in Crete","alternateName":"TIC","url":"https:\/\/travelincrete.com\/pl\/","logo":{"@type":"ImageObject","inLanguage":"pl-PL","@id":"https:\/\/travelincrete.com\/pl\/#\/schema\/logo\/image\/","url":"https:\/\/travelincrete.com\/wp-content\/uploads\/2022\/09\/travel-in-crete-logo-3-1.png","contentUrl":"https:\/\/travelincrete.com\/wp-content\/uploads\/2022\/09\/travel-in-crete-logo-3-1.png","width":195,"height":68,"caption":"Travel in Crete"},"image":{"@id":"https:\/\/travelincrete.com\/pl\/#\/schema\/logo\/image\/"},"sameAs":["https:\/\/www.facebook.com\/travelincretecom\/","https:\/\/x.com\/travelincrete","https:\/\/instagram.com\/travelincrete.gr"]}]}},"_links":{"self":[{"href":"https:\/\/travelincrete.com\/pl\/wp-json\/wp\/v2\/pages\/45829","targetHints":{"allow":["GET"]}}],"collection":[{"href":"https:\/\/travelincrete.com\/pl\/wp-json\/wp\/v2\/pages"}],"about":[{"href":"https:\/\/travelincrete.com\/pl\/wp-json\/wp\/v2\/types\/page"}],"author":[{"embeddable":true,"href":"https:\/\/travelincrete.com\/pl\/wp-json\/wp\/v2\/users\/1"}],"replies":[{"embeddable":true,"href":"https:\/\/travelincrete.com\/pl\/wp-json\/wp\/v2\/comments?post=45829"}],"version-history":[{"count":0,"href":"https:\/\/travelincrete.com\/pl\/wp-json\/wp\/v2\/pages\/45829\/revisions"}],"wp:featuredmedia":[{"embeddable":true,"href":"https:\/\/travelincrete.com\/pl\/wp-json\/wp\/v2\/media\/45831"}],"wp:attachment":[{"href":"https:\/\/travelincrete.com\/pl\/wp-json\/wp\/v2\/media?parent=45829"}],"curies":[{"name":"wp","href":"https:\/\/api.w.org\/{rel}","templated":true}]}}